{"id":2899,"date":"2023-12-30T19:13:07","date_gmt":"2023-12-30T23:13:07","guid":{"rendered":"https:\/\/olmedopesillo.gob.ec\/pichincha\/?page_id=2899"},"modified":"2024-06-28T18:06:46","modified_gmt":"2024-06-28T22:06:46","slug":"rendicion-de-cuentas-2024","status":"publish","type":"page","link":"https:\/\/olmedopesillo.gob.ec\/pichincha\/?page_id=2899","title":{"rendered":"Rendici\u00f3n de Cuentas 2024"},"content":{"rendered":"<p><strong>\u00abFASES DE LA RENDICION DE CUENTAS\u00bb<\/strong><\/p>\n<p>&nbsp;<\/p>\n<p><strong>FASE 1:<\/strong><\/p>\n<p>Mapeo de actores<\/p>\n<p>ACTORES SOCIALES OLMEDO<\/p>\n<p><a href=\"https:\/\/olmedopesillo.gob.ec\/pichincha\/wp-content\/uploads\/2024\/06\/ACTORES-SOCIALES-OLMEDO.pdf\">ACTORES-SOCIALES-OLMEDO<\/a><\/p>\n<p>&nbsp;<\/p>\n<p>SOLICITUD DCTOS PARA EL PROCESO<\/p>\n<p><a href=\"https:\/\/olmedopesillo.gob.ec\/pichincha\/wp-content\/uploads\/2024\/06\/SOLICITUD-DOCUMENTO.pdf\">SOLICITUD DOCUMENTO<\/a><\/p>\n<p>&nbsp;<\/p>\n<p>EQUIPO TECNICO 2023<\/p>\n<p><a href=\"https:\/\/olmedopesillo.gob.ec\/pichincha\/wp-content\/uploads\/2024\/06\/EQUIPO-TECNICO-PROCESO.pdf\">EQUIPO TECNICO PROCESO<\/a><\/p>\n<p>&nbsp;<\/p>\n<p>Consulta<\/p>\n<p><a href=\"https:\/\/olmedopesillo.gob.ec\/pichincha\/wp-content\/uploads\/2024\/06\/CONSULTAS-CIUDADANAS.pdf\">CONSULTAS CIUDADANAS<\/a><\/p>\n<p>Entrega de temas al GAD<\/p>\n<p><a href=\"https:\/\/olmedopesillo.gob.ec\/pichincha\/wp-content\/uploads\/2024\/06\/CONSULTAS-CIUDADANAS-1.pdf\">CONSULTAS CIUDADANAS<\/a><\/p>\n<p>&nbsp;<\/p>\n<p><strong>FASE 2:<\/strong><\/p>\n<p>Seguimiento a la entrega del informe a la ciudadan\u00eda<\/p>\n<p><a href=\"https:\/\/olmedopesillo.gob.ec\/pichincha\/wp-content\/uploads\/2024\/06\/ENTREGA-INF-APROBADO.pdf\">ENTREGA INF APROBADO<\/a><\/p>\n<p>&nbsp;<\/p>\n<p>RESPUESTAS CONSULTAS 2023<\/p>\n<p><a href=\"https:\/\/olmedopesillo.gob.ec\/pichincha\/wp-content\/uploads\/2024\/06\/ENTREGA-DE-RESPUESTAS.pdf\">ENTREGA DE RESPUESTAS<\/a><\/p>\n<p>&nbsp;<\/p>\n<p>&nbsp;<\/p>\n<p><strong>FASE 3:<\/strong><\/p>\n<p>Evaluaci\u00f3n ciudadana al informe de rendici\u00f3n de cuentas<\/p>\n<p>INVITACION RENDICION DE CTAS 2023<\/p>\n<p><a href=\"https:\/\/olmedopesillo.gob.ec\/pichincha\/wp-content\/uploads\/2024\/06\/INVITACION-PROCESO.pdf\">INVITACION PROCESO<\/a><\/p>\n<p>&nbsp;<\/p>\n<p>RENDICION DE CUENTAS 2023<\/p>\n<p><a href=\"https:\/\/olmedopesillo.gob.ec\/pichincha\/wp-content\/uploads\/2024\/06\/RENDICION-DE-CUENTAS-2023-JPO.pdf\">RENDICION DE CUENTAS 2023 JPO<\/a><\/p>\n<p>&nbsp;<\/p>\n<p>Seguimiento al proceso de convocatoria a la deliberaci\u00f3n p\u00fablica<\/p>\n<p><a href=\"https:\/\/olmedopesillo.gob.ec\/pichincha\/wp-content\/uploads\/2024\/06\/INFORME-COMISION-TEC.pdf\">INFORME COMISION TEC<\/a><\/p>\n<p>&nbsp;<\/p>\n<p>ASISTENCIA RENDICION DE CUENTAS 2023<\/p>\n<p><a href=\"https:\/\/olmedopesillo.gob.ec\/pichincha\/wp-content\/uploads\/2024\/06\/ASISTENCIA-PROCESO.pdf\">ASISTENCIA PROCESO<\/a><\/p>\n<p>Participaci\u00f3n en la deliberaci\u00f3n p\u00fablica<\/p>\n<p>&nbsp;<\/p>\n<p>RENDICION DE CUENTAS 2023<\/p>\n<p>&nbsp;<\/p>\n<p>Mesas de Trabajo<\/p>\n<p><a href=\"https:\/\/olmedopesillo.gob.ec\/pichincha\/wp-content\/uploads\/2024\/06\/ASISTENTES-AL-EVENTO-2023.pdf\">ASISTENTES AL EVENTO 2023<\/a><\/p>\n<p>&nbsp;<\/p>\n<p>ASISTENCIA RENDICION DE CUENTAS 2023<\/p>\n<p><a href=\"https:\/\/olmedopesillo.gob.ec\/pichincha\/wp-content\/uploads\/2024\/06\/ASISTENTES-AL-EVENTO-2023.pdf\">ASISTENTES AL EVENTO 2023<\/a><\/p>\n<p>&nbsp;<\/p>\n<p>RENDICION DE CUENTAS 2023<\/p>\n<p>&nbsp;<\/p>\n<p>PARTICIPACION CIUDADANIA<\/p>\n<p><a href=\"https:\/\/olmedopesillo.gob.ec\/pichincha\/wp-content\/uploads\/2024\/06\/ASISTENCIA-PROCESO.pdf\">ASISTENCIA PROCESO<\/a><\/p>\n<p>&nbsp;<\/p>\n<p><strong>FASE 4:<\/strong><\/p>\n<p>Seguimiento a la incorporaci\u00f3n de la opini\u00f3n ciudadana<\/p>\n<p>&nbsp;<\/p>\n<p>RENDICION DE CUENTAS 2023<\/p>\n<p><a href=\"https:\/\/olmedopesillo.gob.ec\/pichincha\/wp-content\/uploads\/2024\/06\/RENDICION-DE-CUENTAS-2023-JPO.pdf\">RENDICION DE CUENTAS 2023 JPO<\/a><\/p>\n<p>RECOMENDACIONES CUIDADANIA2023<\/p>\n<p><a href=\"https:\/\/olmedopesillo.gob.ec\/pichincha\/wp-content\/uploads\/2024\/06\/ACTA-DE-RECOMENDACION.pdf\">ACTA DE RECOMENDACION<\/a><\/p>\n","protected":false},"excerpt":{"rendered":"<p>\u00abFASES DE LA RENDICION DE CUENTAS\u00bb &nbsp; FASE 1: Mapeo de actores ACTORES SOCIALES OLMEDO ACTORES-SOCIALES-OLMEDO &nbsp; SOLICITUD DCTOS PARA EL PROCESO SOLICITUD DOCUMENTO &nbsp; EQUIPO TECNICO 2023 EQUIPO TECNICO PROCESO &nbsp; Consulta CONSULTAS CIUDADANAS Entrega de temas al GAD CONSULTAS CIUDADANAS &nbsp; FASE 2: Seguimiento a la entrega del informe a la ciudadan\u00eda ENTREGA [&hellip;]<\/p>\n","protected":false},"author":8,"featured_media":0,"parent":0,"menu_order":0,"comment_status":"closed","ping_status":"closed","template":"","meta":{"footnotes":""},"class_list":["post-2899","page","type-page","status-publish","hentry"],"_links":{"self":[{"href":"https:\/\/olmedopesillo.gob.ec\/pichincha\/index.php?rest_route=\/wp\/v2\/pages\/2899","targetHints":{"allow":["GET"]}}],"collection":[{"href":"https:\/\/olmedopesillo.gob.ec\/pichincha\/index.php?rest_route=\/wp\/v2\/pages"}],"about":[{"href":"https:\/\/olmedopesillo.gob.ec\/pichincha\/index.php?rest_route=\/wp\/v2\/types\/page"}],"author":[{"embeddable":true,"href":"https:\/\/olmedopesillo.gob.ec\/pichincha\/index.php?rest_route=\/wp\/v2\/users\/8"}],"replies":[{"embeddable":true,"href":"https:\/\/olmedopesillo.gob.ec\/pichincha\/index.php?rest_route=%2Fwp%2Fv2%2Fcomments&post=2899"}],"version-history":[{"count":16,"href":"https:\/\/olmedopesillo.gob.ec\/pichincha\/index.php?rest_route=\/wp\/v2\/pages\/2899\/revisions"}],"predecessor-version":[{"id":3315,"href":"https:\/\/olmedopesillo.gob.ec\/pichincha\/index.php?rest_route=\/wp\/v2\/pages\/2899\/revisions\/3315"}],"wp:attachment":[{"href":"https:\/\/olmedopesillo.gob.ec\/pichincha\/index.php?rest_route=%2Fwp%2Fv2%2Fmedia&parent=2899"}],"curies":[{"name":"wp","href":"https:\/\/api.w.org\/{rel}","templated":true}]}}