{"id":2427,"date":"2023-01-01T11:37:48","date_gmt":"2023-01-01T15:37:48","guid":{"rendered":"https:\/\/olmedopesillo.gob.ec\/pichincha\/?page_id=2427"},"modified":"2023-06-29T09:58:16","modified_gmt":"2023-06-29T13:58:16","slug":"rendicion-de-cuentas-2023","status":"publish","type":"page","link":"https:\/\/olmedopesillo.gob.ec\/pichincha\/?page_id=2427","title":{"rendered":"Rendici\u00f3n de Cuentas 2023"},"content":{"rendered":"<p>&nbsp;<\/p>\n<p>\u00abFASES DE LA RENDICION DE CUENTAS\u00bb<\/p>\n<h3>FASE 1:<\/h3>\n<ul>\n<li>\n<h3>Mapeo de actores<\/h3>\n<\/li>\n<li><a href=\"https:\/\/olmedopesillo.gob.ec\/pichincha\/wp-content\/uploads\/2022\/05\/ACTORES-SOCIALES-OLMEDO.pdf\">ACTORES SOCIALES OLMEDO<\/a><\/li>\n<\/ul>\n<p><a href=\"https:\/\/olmedopesillo.gob.ec\/pichincha\/wp-content\/uploads\/2023\/06\/SOLICITUD-DCTOS-PARA-EL-PROCESO.pdf\">\u00a0 \u00a0 \u00a0 \u00a0SOLICITUD DCTOS PARA EL PROCESO<\/a><\/p>\n<p><a href=\"https:\/\/olmedopesillo.gob.ec\/pichincha\/wp-content\/uploads\/2023\/06\/EQUIPO-TECNICO-2022.pdf\">EQUIPO TECNICO 2022<\/a><\/p>\n<ul>\n<li>\n<h3>Consulta<\/h3>\n<\/li>\n<li><a href=\"https:\/\/olmedopesillo.gob.ec\/pichincha\/wp-content\/uploads\/2023\/06\/CONSULTAS-PERIODO-2022.pdf\">CONSULTAS PERIODO 2022<\/a><\/li>\n<li>\n<h3>Entrega de temas al GAD<\/h3>\n<\/li>\n<\/ul>\n<p><a href=\"https:\/\/olmedopesillo.gob.ec\/pichincha\/wp-content\/uploads\/2023\/06\/CONSULTAS-PERIODO-2022.pdf\">\u00a0 \u00a0 \u00a0 \u00a0CONSULTAS PERIODO 2022<\/a><\/p>\n<h3>FASE 2:<\/h3>\n<ul>\n<li>\n<h3>Seguimiento a la entrega del informe a la ciudadan\u00eda<\/h3>\n<\/li>\n<\/ul>\n<p><a href=\"https:\/\/olmedopesillo.gob.ec\/pichincha\/wp-content\/uploads\/2023\/06\/RESPUESTAS-CONSULTAS-2022.pdf\">\u00a0 \u00a0 \u00a0 \u00a0 \u00a0 RESPUESTAS CONSULTAS 2022<\/a><\/p>\n<h3>FASE 3:<\/h3>\n<ul>\n<li>\n<h3>Evaluaci\u00f3n ciudadana al informe de rendici\u00f3n de cuentas<\/h3>\n<\/li>\n<li><a href=\"https:\/\/olmedopesillo.gob.ec\/pichincha\/wp-content\/uploads\/2023\/06\/INVITACION-RENDICION-DE-CTAS-2022.pdf\">INVITACION RENDICION DE CTAS 2022<\/a><\/li>\n<\/ul>\n<p><a href=\"https:\/\/olmedopesillo.gob.ec\/pichincha\/wp-content\/uploads\/2023\/06\/RENDICION-DE-CUENTAS-2022.pptx\">\u00a0 \u00a0 \u00a0 \u00a0RENDICION DE CUENTAS 2022<\/a><\/p>\n<ul>\n<li>\n<h3>Seguimiento al proceso de convocatoria a la deliberaci\u00f3n p\u00fablica<\/h3>\n<\/li>\n<\/ul>\n<p><a href=\"https:\/\/olmedopesillo.gob.ec\/pichincha\/wp-content\/uploads\/2023\/06\/ASISTENCIA-RENDICION-DE-CUENTAS-2022-1.pdf\">\u00a0 \u00a0 \u00a0 \u00a0 ASISTENCIA RENDICION DE CUENTAS 2022<\/a><\/p>\n<ul>\n<li>\n<h3>Participaci\u00f3n en la deliberaci\u00f3n p\u00fablica<\/h3>\n<\/li>\n<\/ul>\n<p><a href=\"https:\/\/olmedopesillo.gob.ec\/pichincha\/wp-content\/uploads\/2023\/06\/RENDICION-DE-CUENTAS-2022.pptx\">\u00a0 \u00a0 \u00a0 RENDICION DE CUENTAS 2022<\/a><\/p>\n<ul>\n<li>\n<h3>Mesas de Trabajo<\/h3>\n<\/li>\n<\/ul>\n<p><a href=\"https:\/\/olmedopesillo.gob.ec\/pichincha\/wp-content\/uploads\/2023\/06\/ASISTENCIA-RENDICION-DE-CUENTAS-2022-2.pdf\">\u00a0 \u00a0 \u00a0 \u00a0ASISTENCIA RENDICION DE CUENTAS 2022<\/a><\/p>\n<p><a href=\"https:\/\/olmedopesillo.gob.ec\/pichincha\/wp-content\/uploads\/2023\/06\/RENDICION-DE-CUENTAS-2022.pptx\">\u00a0 \u00a0 \u00a0 \u00a0 RENDICION DE CUENTAS 2022<\/a><\/p>\n<p><a href=\"https:\/\/olmedopesillo.gob.ec\/pichincha\/wp-content\/uploads\/2023\/06\/PARTICIPACION-CIUDADANIA.pdf\">PARTICIPACION CIUDADANIA<\/a><\/p>\n<h3>FASE 4:<\/h3>\n<ul>\n<li>\n<h3>Seguimiento a la incorporaci\u00f3n de la opini\u00f3n ciudadana<\/h3>\n<\/li>\n<\/ul>\n<p><a href=\"https:\/\/olmedopesillo.gob.ec\/pichincha\/wp-content\/uploads\/2023\/06\/RENDICION-DE-CUENTAS-2022.pptx\">\u00a0 \u00a0 \u00a0 \u00a0 \u00a0 RENDICION DE CUENTAS 2022<\/a><\/p>\n<p><a href=\"https:\/\/olmedopesillo.gob.ec\/pichincha\/wp-content\/uploads\/2023\/06\/RECOMENDACIONES-CUIDADANIA2022.pdf\">\u00a0 \u00a0 \u00a0 \u00a0 \u00a0RECOMENDACIONES CUIDADANIA2022<\/a><\/p>\n<p>&nbsp;<\/p>\n","protected":false},"excerpt":{"rendered":"<p>&nbsp; \u00abFASES DE LA RENDICION DE CUENTAS\u00bb FASE 1: Mapeo de actores ACTORES SOCIALES OLMEDO \u00a0 \u00a0 \u00a0 \u00a0SOLICITUD DCTOS PARA EL PROCESO EQUIPO TECNICO 2022 Consulta CONSULTAS PERIODO 2022 Entrega de temas al GAD \u00a0 \u00a0 \u00a0 \u00a0CONSULTAS PERIODO 2022 FASE 2: Seguimiento a la entrega del informe a la ciudadan\u00eda \u00a0 \u00a0 \u00a0 [&hellip;]<\/p>\n","protected":false},"author":8,"featured_media":0,"parent":0,"menu_order":0,"comment_status":"closed","ping_status":"closed","template":"","meta":{"footnotes":""},"class_list":["post-2427","page","type-page","status-publish","hentry"],"_links":{"self":[{"href":"https:\/\/olmedopesillo.gob.ec\/pichincha\/index.php?rest_route=\/wp\/v2\/pages\/2427","targetHints":{"allow":["GET"]}}],"collection":[{"href":"https:\/\/olmedopesillo.gob.ec\/pichincha\/index.php?rest_route=\/wp\/v2\/pages"}],"about":[{"href":"https:\/\/olmedopesillo.gob.ec\/pichincha\/index.php?rest_route=\/wp\/v2\/types\/page"}],"author":[{"embeddable":true,"href":"https:\/\/olmedopesillo.gob.ec\/pichincha\/index.php?rest_route=\/wp\/v2\/users\/8"}],"replies":[{"embeddable":true,"href":"https:\/\/olmedopesillo.gob.ec\/pichincha\/index.php?rest_route=%2Fwp%2Fv2%2Fcomments&post=2427"}],"version-history":[{"count":14,"href":"https:\/\/olmedopesillo.gob.ec\/pichincha\/index.php?rest_route=\/wp\/v2\/pages\/2427\/revisions"}],"predecessor-version":[{"id":2721,"href":"https:\/\/olmedopesillo.gob.ec\/pichincha\/index.php?rest_route=\/wp\/v2\/pages\/2427\/revisions\/2721"}],"wp:attachment":[{"href":"https:\/\/olmedopesillo.gob.ec\/pichincha\/index.php?rest_route=%2Fwp%2Fv2%2Fmedia&parent=2427"}],"curies":[{"name":"wp","href":"https:\/\/api.w.org\/{rel}","templated":true}]}}