{"id":1942,"date":"2022-01-08T16:30:32","date_gmt":"2022-01-08T20:30:32","guid":{"rendered":"https:\/\/olmedopesillo.gob.ec\/pichincha\/?page_id=1942"},"modified":"2022-05-28T20:05:57","modified_gmt":"2022-05-29T00:05:57","slug":"rendicion-de-cuentas-2022","status":"publish","type":"page","link":"https:\/\/olmedopesillo.gob.ec\/pichincha\/?page_id=1942","title":{"rendered":"Rendici\u00f3n de Cuentas 2022"},"content":{"rendered":"[vc_row][vc_column][vc_accordion collapsible=\u00bb\u00bb disable_keyboard=\u00bb\u00bb][vc_accordion_tab title=\u00bbFASES DE LA RENDICION DE CUENTAS\u00bb][vc_wp_text]Click en la fase a consultar<\/p>\n[\/vc_wp_text][\/vc_accordion_tab][vc_accordion_tab title=\u00bbFase 1&#8243;][vc_wp_text]\n<h3>FASE 1:<\/h3>\n<ul>\n<li>\n<h3>Mapeo de actores<\/h3>\n<\/li>\n<\/ul>\n<p><a href=\"https:\/\/olmedopesillo.gob.ec\/pichincha\/wp-content\/uploads\/2022\/05\/DCTOS-PARA-RENDICION-.pdf\">DCTOS PARA RENDICION<\/a><\/p>\n<p><a href=\"https:\/\/olmedopesillo.gob.ec\/pichincha\/wp-content\/uploads\/2022\/05\/ACTORES-SOCIALES-OLMEDO.pdf\">ACTORES SOCIALES OLMEDO<\/a><\/p>\n<ul>\n<li>\n<h3>Consulta<\/h3>\n<\/li>\n<li>\n<h3><a href=\"https:\/\/olmedopesillo.gob.ec\/pichincha\/wp-content\/uploads\/2022\/05\/PROCESO-2021-EQUIPO.pdf\">PROCESO 2021- EQUIPO<\/a><\/h3>\n<\/li>\n<\/ul>\n<p>&nbsp;<\/p>\n<ul>\n<li>\n<h3>Entrega de temas al GAD<\/h3>\n<\/li>\n<li>\n<h3><a href=\"https:\/\/olmedopesillo.gob.ec\/pichincha\/wp-content\/uploads\/2022\/05\/PROCESO-2021-TEMAS.pdf\">PROCESO 2021 -TEMAS<\/a><\/h3>\n<\/li>\n<\/ul>\n<h3>FASE 2:<\/h3>\n<ul>\n<li>\n<h3>Seguimiento a la entrega del informe a la ciudadan\u00eda<\/h3>\n<\/li>\n<li><a href=\"https:\/\/olmedopesillo.gob.ec\/pichincha\/wp-content\/uploads\/2022\/05\/OFIC-DE-ENTREGA-DE-INFORME.pdf\">OFIC DE ENTREGA DE INFORME<\/a><\/li>\n<\/ul>\n<p>&nbsp;<\/p>\n<p><a href=\"https:\/\/olmedopesillo.gob.ec\/pichincha\/wp-content\/uploads\/2022\/05\/RESPUESTAS-.pdf\">RESPUESTAS<\/a><\/p>\n[\/vc_wp_text][\/vc_accordion_tab][vc_accordion_tab title=\u00bbFase 3&#8243;][vc_wp_text]\n<h3>FASE 3:<\/h3>\n<ul>\n<li>\n<h3>Evaluaci\u00f3n ciudadana al informe de rendici\u00f3n de cuentas<\/h3>\n<\/li>\n<li>\n<h3><a href=\"https:\/\/olmedopesillo.gob.ec\/pichincha\/wp-content\/uploads\/2022\/05\/RENDICION-2021.pptx\">RENDICION 2021<\/a><\/h3>\n<\/li>\n<\/ul>\n<p>&nbsp;<\/p>\n<ul>\n<li>\n<h3>Seguimiento al proceso de convocatoria a la deliberaci\u00f3n p\u00fablica<\/h3>\n<\/li>\n<li>\n<h3><a href=\"https:\/\/olmedopesillo.gob.ec\/pichincha\/wp-content\/uploads\/2022\/05\/Invitacion-proceso.pdf\">Invitacion proceso<\/a><\/h3>\n<\/li>\n<\/ul>\n<p>&nbsp;<\/p>\n<ul>\n<li>\n<h3>Participaci\u00f3n en la deliberaci\u00f3n p\u00fablica<\/h3>\n<\/li>\n<li><a href=\"https:\/\/olmedopesillo.gob.ec\/pichincha\/wp-content\/uploads\/2022\/05\/ASISTENCIA-PROCESO.pdf\">ASISTENCIA PROCESO<\/a><\/li>\n<\/ul>\n<p>&nbsp;<\/p>\n<ul>\n<li>\n<h3>Mesas de Trabajo<\/h3>\n<\/li>\n<\/ul>\n[\/vc_wp_text][\/vc_accordion_tab][vc_accordion_tab title=\u00bbFase 4&#8243;][vc_wp_text]\n<h3>FASE 4:<\/h3>\n<ul>\n<li>\n<h3>Seguimiento a la incorporaci\u00f3n de la opini\u00f3n ciudadana<\/h3>\n<\/li>\n<li><a href=\"https:\/\/olmedopesillo.gob.ec\/pichincha\/wp-content\/uploads\/2022\/05\/ACTA-INFORME-ASAMBLEA.pdf\">ACTA INFORME ASAMBLEA<\/a><\/li>\n<\/ul>\n<p><a href=\"https:\/\/olmedopesillo.gob.ec\/pichincha\/wp-content\/uploads\/2022\/05\/ACTA-SUGERENCIA-2020.pdf\">ACTA SUGERENCIA 2020<\/a><\/p>\n<p>&nbsp;<\/p>\n[\/vc_wp_text][\/vc_accordion_tab][\/vc_accordion][vc_column_text][\/vc_column_text][\/vc_column][\/vc_row]\n","protected":false},"excerpt":{"rendered":"<p>[vc_row][vc_column][vc_accordion collapsible=\u00bb\u00bb disable_keyboard=\u00bb\u00bb][vc_accordion_tab title=\u00bbFASES DE LA RENDICION DE CUENTAS\u00bb][vc_wp_text]Click en la fase a consultar [\/vc_wp_text][\/vc_accordion_tab][vc_accordion_tab title=\u00bbFase 1&#8243;][vc_wp_text] FASE 1: Mapeo de actores DCTOS PARA RENDICION ACTORES SOCIALES OLMEDO Consulta PROCESO 2021- EQUIPO &nbsp; Entrega de temas al GAD PROCESO 2021 -TEMAS FASE 2: Seguimiento a la entrega del informe a la ciudadan\u00eda OFIC DE ENTREGA [&hellip;]<\/p>\n","protected":false},"author":8,"featured_media":0,"parent":0,"menu_order":0,"comment_status":"closed","ping_status":"closed","template":"","meta":{"footnotes":""},"class_list":["post-1942","page","type-page","status-publish","hentry"],"_links":{"self":[{"href":"https:\/\/olmedopesillo.gob.ec\/pichincha\/index.php?rest_route=\/wp\/v2\/pages\/1942","targetHints":{"allow":["GET"]}}],"collection":[{"href":"https:\/\/olmedopesillo.gob.ec\/pichincha\/index.php?rest_route=\/wp\/v2\/pages"}],"about":[{"href":"https:\/\/olmedopesillo.gob.ec\/pichincha\/index.php?rest_route=\/wp\/v2\/types\/page"}],"author":[{"embeddable":true,"href":"https:\/\/olmedopesillo.gob.ec\/pichincha\/index.php?rest_route=\/wp\/v2\/users\/8"}],"replies":[{"embeddable":true,"href":"https:\/\/olmedopesillo.gob.ec\/pichincha\/index.php?rest_route=%2Fwp%2Fv2%2Fcomments&post=1942"}],"version-history":[{"count":16,"href":"https:\/\/olmedopesillo.gob.ec\/pichincha\/index.php?rest_route=\/wp\/v2\/pages\/1942\/revisions"}],"predecessor-version":[{"id":2210,"href":"https:\/\/olmedopesillo.gob.ec\/pichincha\/index.php?rest_route=\/wp\/v2\/pages\/1942\/revisions\/2210"}],"wp:attachment":[{"href":"https:\/\/olmedopesillo.gob.ec\/pichincha\/index.php?rest_route=%2Fwp%2Fv2%2Fmedia&parent=1942"}],"curies":[{"name":"wp","href":"https:\/\/api.w.org\/{rel}","templated":true}]}}